{"id":2,"date":"2026-02-10T00:12:03","date_gmt":"2026-02-09T23:12:03","guid":{"rendered":"https:\/\/edwood.marketing15.com\/?page_id=2"},"modified":"2026-02-16T16:16:57","modified_gmt":"2026-02-16T15:16:57","slug":"przykladowa-strona","status":"publish","type":"page","link":"https:\/\/edwood.pl\/pl\/","title":{"rendered":"Strona g\u0142\u00f3wna"},"content":{"rendered":"\t\t<div data-elementor-type=\"wp-page\" data-elementor-id=\"2\" class=\"elementor elementor-2\" data-elementor-post-type=\"page\">\n\t\t\t\t<div class=\"elementor-element elementor-element-24acd0d e-flex e-con-boxed e-con e-parent\" data-id=\"24acd0d\" data-element_type=\"container\" data-e-type=\"container\">\n\t\t\t\t\t<div class=\"e-con-inner\">\n\t\t\t\t<div class=\"elementor-element elementor-element-fb7821d elementor-widget__width-initial elementor-widget-tablet__width-initial elementor-widget-mobile__width-initial elementor-widget elementor-widget-image\" data-id=\"fb7821d\" data-element_type=\"widget\" data-e-type=\"widget\" data-widget_type=\"image.default\">\n\t\t\t\t\t\t\t\t\t\t\t\t\t\t\t<img decoding=\"async\" width=\"280\" height=\"88\" src=\"https:\/\/edwood.pl\/wp-content\/uploads\/2026\/02\/Edwood-logo.svg\" class=\"attachment-large size-large wp-image-198\" alt=\"\" \/>\t\t\t\t\t\t\t\t\t\t\t\t\t\t\t<\/div>\n\t\t<div class=\"elementor-element elementor-element-5f3f951 e-con-full e-flex e-con e-child\" data-id=\"5f3f951\" data-element_type=\"container\" data-e-type=\"container\">\n\t\t\t\t<div class=\"elementor-element elementor-element-721c9c4 elementor-widget elementor-widget-heading\" data-id=\"721c9c4\" data-element_type=\"widget\" data-e-type=\"widget\" data-widget_type=\"heading.default\">\n\t\t\t\t\t<h2 class=\"elementor-heading-title elementor-size-default\">Dwa \u015bwiaty,<br>\u2028jedna pasja do drewna.<\/h2>\t\t\t\t<\/div>\n\t\t\t\t<div class=\"elementor-element elementor-element-21cbc67 elementor-widget elementor-widget-text-editor\" data-id=\"21cbc67\" data-element_type=\"widget\" data-e-type=\"widget\" data-widget_type=\"text-editor.default\">\n\t\t\t\t\t\t\t\t\tWybierz obszar, kt\u00f3ry najlepiej odpowiada Twoim potrzebom.\t\t\t\t\t\t\t\t<\/div>\n\t\t\t\t<\/div>\n\t\t\t\t<div class=\"elementor-element elementor-element-3ac6d53 elementor-view-stacked elementor-shape-circle elementor-widget elementor-widget-icon\" data-id=\"3ac6d53\" data-element_type=\"widget\" data-e-type=\"widget\" data-widget_type=\"icon.default\">\n\t\t\t\t\t\t\t<div class=\"elementor-icon-wrapper\">\n\t\t\t<a class=\"elementor-icon\" href=\"#scroll\">\n\t\t\t<svg xmlns=\"http:\/\/www.w3.org\/2000\/svg\" width=\"15\" height=\"16\" viewBox=\"0 0 15 16\" fill=\"none\"><path d=\"M13.6913 8.15436L7.34563 14.5L0.999983 8.15436\" stroke=\"#3F1B00\" stroke-width=\"2\" stroke-linecap=\"round\" stroke-linejoin=\"round\"><\/path><path d=\"M7.34564 14.4999L7.34564 1\" stroke=\"#3F1B00\" stroke-width=\"2\" stroke-linecap=\"round\" stroke-linejoin=\"round\"><\/path><\/svg>\t\t\t<\/a>\n\t\t<\/div>\n\t\t\t\t\t\t<\/div>\n\t\t\t\t\t<\/div>\n\t\t\t\t<\/div>\n\t\t<div class=\"elementor-element elementor-element-82009f7 e-flex e-con-boxed e-con e-parent\" data-id=\"82009f7\" data-element_type=\"container\" data-e-type=\"container\" id=\"scroll\">\n\t\t\t\t\t<div class=\"e-con-inner\">\n\t\t<div class=\"elementor-element elementor-element-542b128 e-con-full e-flex e-con e-child\" data-id=\"542b128\" data-element_type=\"container\" data-e-type=\"container\">\n\t\t\t\t<div class=\"elementor-element elementor-element-9ec8890 elementor-widget__width-initial elementor-widget elementor-widget-image\" data-id=\"9ec8890\" data-element_type=\"widget\" data-e-type=\"widget\" data-widget_type=\"image.default\">\n\t\t\t\t\t\t\t\t\t\t\t\t\t\t\t<img fetchpriority=\"high\" decoding=\"async\" width=\"800\" height=\"620\" src=\"https:\/\/edwood.pl\/wp-content\/uploads\/2026\/02\/EDWOOD-HOME-1024x793.png\" class=\"attachment-large size-large wp-image-264\" alt=\"\" srcset=\"https:\/\/edwood.pl\/wp-content\/uploads\/2026\/02\/EDWOOD-HOME-1024x793.png 1024w, https:\/\/edwood.pl\/wp-content\/uploads\/2026\/02\/EDWOOD-HOME-300x232.png 300w, https:\/\/edwood.pl\/wp-content\/uploads\/2026\/02\/EDWOOD-HOME-768x595.png 768w, https:\/\/edwood.pl\/wp-content\/uploads\/2026\/02\/EDWOOD-HOME.png 1240w\" sizes=\"(max-width: 800px) 100vw, 800px\" \/>\t\t\t\t\t\t\t\t\t\t\t\t\t\t\t<\/div>\n\t\t<div class=\"elementor-element elementor-element-f72b41f e-con-full e-flex e-con e-child\" data-id=\"f72b41f\" data-element_type=\"container\" data-e-type=\"container\">\n\t\t\t\t<div class=\"elementor-element elementor-element-d12a15c elementor-widget elementor-widget-heading\" data-id=\"d12a15c\" data-element_type=\"widget\" data-e-type=\"widget\" data-widget_type=\"heading.default\">\n\t\t\t\t\t<h2 class=\"elementor-heading-title elementor-size-default\">Design i ciep\u0142o dla Twojego wn\u0119trza<\/h2>\t\t\t\t<\/div>\n\t\t\t\t<div class=\"elementor-element elementor-element-c58218f elementor-widget elementor-widget-text-editor\" data-id=\"c58218f\" data-element_type=\"widget\" data-e-type=\"widget\" data-widget_type=\"text-editor.default\">\n\t\t\t\t\t\t\t\t\tOdkryj gotowe produkty z drewna, kt\u00f3re odmieni\u0105 Tw\u00f3j dom. \u2028Tworzymy z my\u015bl\u0105 o estetyce, trwa\u0142o\u015bci i komforcie Twojej codzienno\u015bci. \t\t\t\t\t\t\t\t<\/div>\n\t\t\t\t<\/div>\n\t\t\t\t<div class=\"elementor-element elementor-element-0ef2343 btn elementor-widget elementor-widget-button\" data-id=\"0ef2343\" data-element_type=\"widget\" data-e-type=\"widget\" data-widget_type=\"button.default\">\n\t\t\t\t\t\t\t\t\t\t<a class=\"elementor-button elementor-button-link elementor-size-sm\" href=\"#\">\n\t\t\t\t\t\t<span class=\"elementor-button-content-wrapper\">\n\t\t\t\t\t\t<span class=\"elementor-button-icon\">\n\t\t\t\t<svg xmlns=\"http:\/\/www.w3.org\/2000\/svg\" width=\"15\" height=\"15\" viewBox=\"0 0 15 15\" fill=\"none\"><path d=\"M7.9043 0.75L14.2499 7.09565L7.9043 13.4413\" stroke=\"#3F1B00\" stroke-width=\"1.5\" stroke-linecap=\"round\" stroke-linejoin=\"round\"><\/path><path d=\"M14.2499 7.0957L0.75 7.0957\" stroke=\"#3F1B00\" stroke-width=\"1.5\" stroke-linecap=\"round\" stroke-linejoin=\"round\"><\/path><\/svg>\t\t\t<\/span>\n\t\t\t\t\t\t\t\t\t<span class=\"elementor-button-text\">Wejd\u017a do \u015bwiata Home<\/span>\n\t\t\t\t\t<\/span>\n\t\t\t\t\t<\/a>\n\t\t\t\t\t\t\t\t<\/div>\n\t\t\t\t<\/div>\n\t\t<div class=\"elementor-element elementor-element-79a46e4 e-con-full e-flex e-con e-child\" data-id=\"79a46e4\" data-element_type=\"container\" data-e-type=\"container\">\n\t\t\t\t<div class=\"elementor-element elementor-element-7bfafb5 elementor-widget elementor-widget-image\" data-id=\"7bfafb5\" data-element_type=\"widget\" data-e-type=\"widget\" data-widget_type=\"image.default\">\n\t\t\t\t\t\t\t\t\t\t\t\t\t\t\t<img decoding=\"async\" width=\"800\" height=\"620\" src=\"https:\/\/edwood.pl\/wp-content\/uploads\/2026\/02\/PRO-1024x793.png\" class=\"attachment-large size-large wp-image-225\" alt=\"\" srcset=\"https:\/\/edwood.pl\/wp-content\/uploads\/2026\/02\/PRO-1024x793.png 1024w, https:\/\/edwood.pl\/wp-content\/uploads\/2026\/02\/PRO-300x232.png 300w, https:\/\/edwood.pl\/wp-content\/uploads\/2026\/02\/PRO-768x595.png 768w, https:\/\/edwood.pl\/wp-content\/uploads\/2026\/02\/PRO.png 1240w\" sizes=\"(max-width: 800px) 100vw, 800px\" \/>\t\t\t\t\t\t\t\t\t\t\t\t\t\t\t<\/div>\n\t\t<div class=\"elementor-element elementor-element-7df5c51 e-con-full e-flex e-con e-child\" data-id=\"7df5c51\" data-element_type=\"container\" data-e-type=\"container\">\n\t\t\t\t<div class=\"elementor-element elementor-element-bd91a28 elementor-widget elementor-widget-heading\" data-id=\"bd91a28\" data-element_type=\"widget\" data-e-type=\"widget\" data-widget_type=\"heading.default\">\n\t\t\t\t\t<h2 class=\"elementor-heading-title elementor-size-default\">Profesjonalne rozwi\u0105zania dla biznesu<\/h2>\t\t\t\t<\/div>\n\t\t\t\t<div class=\"elementor-element elementor-element-e08f1fb elementor-widget elementor-widget-text-editor\" data-id=\"e08f1fb\" data-element_type=\"widget\" data-e-type=\"widget\" data-widget_type=\"text-editor.default\">\n\t\t\t\t\t\t\t\t\tPartnerstwo oparte na precyzji. Komponenty, p\u00f3\u0142fabrykaty i wsparcie dla architekt\u00f3w, deweloper\u00f3w oraz producent\u00f3w mebli.\t\t\t\t\t\t\t\t<\/div>\n\t\t\t\t<\/div>\n\t\t\t\t<div class=\"elementor-element elementor-element-04e75cb btn elementor-widget elementor-widget-button\" data-id=\"04e75cb\" data-element_type=\"widget\" data-e-type=\"widget\" data-widget_type=\"button.default\">\n\t\t\t\t\t\t\t\t\t\t<a class=\"elementor-button elementor-button-link elementor-size-sm\" href=\"https:\/\/pro.edwood.pl\/pl\/\">\n\t\t\t\t\t\t<span class=\"elementor-button-content-wrapper\">\n\t\t\t\t\t\t<span class=\"elementor-button-icon\">\n\t\t\t\t<svg xmlns=\"http:\/\/www.w3.org\/2000\/svg\" width=\"15\" height=\"15\" viewBox=\"0 0 15 15\" fill=\"none\"><path d=\"M7.9043 0.75L14.2499 7.09565L7.9043 13.4413\" stroke=\"#3F1B00\" stroke-width=\"1.5\" stroke-linecap=\"round\" stroke-linejoin=\"round\"><\/path><path d=\"M14.2499 7.0957L0.75 7.0957\" stroke=\"#3F1B00\" stroke-width=\"1.5\" stroke-linecap=\"round\" stroke-linejoin=\"round\"><\/path><\/svg>\t\t\t<\/span>\n\t\t\t\t\t\t\t\t\t<span class=\"elementor-button-text\">Przejd\u017a do strefy Pro<\/span>\n\t\t\t\t\t<\/span>\n\t\t\t\t\t<\/a>\n\t\t\t\t\t\t\t\t<\/div>\n\t\t\t\t<\/div>\n\t\t\t\t\t<\/div>\n\t\t\t\t<\/div>\n\t\t\t\t<\/div>\n\t\t","protected":false},"excerpt":{"rendered":"<p>Dwa \u015bwiaty,\u2028jedna pasja do drewna. Wybierz obszar, kt\u00f3ry najlepiej odpowiada Twoim potrzebom. Design i ciep\u0142o dla Twojego wn\u0119trza Odkryj gotowe produkty z drewna, kt\u00f3re odmieni\u0105 Tw\u00f3j dom. \u2028Tworzymy z my\u015bl\u0105 o estetyce, trwa\u0142o\u015bci i komforcie Twojej codzienno\u015bci. Wejd\u017a do \u015bwiata Home Profesjonalne rozwi\u0105zania dla biznesu Partnerstwo oparte na precyzji. Komponenty, p\u00f3\u0142fabrykaty i wsparcie dla architekt\u00f3w, [&hellip;]<\/p>\n","protected":false},"author":1,"featured_media":0,"parent":0,"menu_order":0,"comment_status":"closed","ping_status":"open","template":"","meta":{"footnotes":""},"class_list":["post-2","page","type-page","status-publish","hentry"],"_links":{"self":[{"href":"https:\/\/edwood.pl\/pl\/wp-json\/wp\/v2\/pages\/2","targetHints":{"allow":["GET"]}}],"collection":[{"href":"https:\/\/edwood.pl\/pl\/wp-json\/wp\/v2\/pages"}],"about":[{"href":"https:\/\/edwood.pl\/pl\/wp-json\/wp\/v2\/types\/page"}],"author":[{"embeddable":true,"href":"https:\/\/edwood.pl\/pl\/wp-json\/wp\/v2\/users\/1"}],"replies":[{"embeddable":true,"href":"https:\/\/edwood.pl\/pl\/wp-json\/wp\/v2\/comments?post=2"}],"version-history":[{"count":60,"href":"https:\/\/edwood.pl\/pl\/wp-json\/wp\/v2\/pages\/2\/revisions"}],"predecessor-version":[{"id":276,"href":"https:\/\/edwood.pl\/pl\/wp-json\/wp\/v2\/pages\/2\/revisions\/276"}],"wp:attachment":[{"href":"https:\/\/edwood.pl\/pl\/wp-json\/wp\/v2\/media?parent=2"}],"curies":[{"name":"wp","href":"https:\/\/api.w.org\/{rel}","templated":true}]}}